{"id":9423,"date":"2022-10-20T12:27:04","date_gmt":"2022-10-20T10:27:04","guid":{"rendered":"https:\/\/www.terremotori.it\/contact\/"},"modified":"2026-01-29T17:52:37","modified_gmt":"2026-01-29T16:52:37","slug":"contact","status":"publish","type":"page","link":"https:\/\/www.terremotori.it\/fr\/contact\/","title":{"rendered":"Contact"},"content":{"rendered":"<div class=\"fusion-fullwidth fullwidth-box fusion-builder-row-1 fusion-flex-container nonhundred-percent-fullwidth non-hundred-percent-height-scrolling\" style=\"--awb-border-radius-top-left:0px;--awb-border-radius-top-right:0px;--awb-border-radius-bottom-right:0px;--awb-border-radius-bottom-left:0px;--awb-padding-top:40px;--awb-background-color:rgba(101,109,130,0.9);--awb-flex-wrap:wrap;\" ><div class=\"fusion-builder-row fusion-row fusion-flex-align-items-flex-start fusion-flex-content-wrap\" style=\"max-width:1632px;margin-left: calc(-2% \/ 2 );margin-right: calc(-2% \/ 2 );\"><div class=\"fusion-layout-column fusion_builder_column fusion-builder-column-0 fusion_builder_column_1_3 1_3 fusion-flex-column\" style=\"--awb-padding-top:30px;--awb-padding-right:30px;--awb-padding-bottom:30px;--awb-padding-left:30px;--awb-overflow:hidden;--awb-bg-color:var(--awb-color1);--awb-bg-color-hover:var(--awb-color1);--awb-bg-size:cover;--awb-border-radius:10px 10px 10px 10px;--awb-width-large:33.333333333333%;--awb-margin-top-large:20px;--awb-spacing-right-large:2.94%;--awb-margin-bottom-large:20px;--awb-spacing-left-large:2.94%;--awb-width-medium:100%;--awb-order-medium:0;--awb-spacing-right-medium:0.98%;--awb-spacing-left-medium:0.98%;--awb-width-small:100%;--awb-order-small:0;--awb-spacing-right-small:0.98%;--awb-spacing-left-small:0.98%;\"><div class=\"fusion-column-wrapper fusion-column-has-shadow fusion-flex-justify-content-flex-start fusion-content-layout-column\"><div class=\"fusion-text fusion-text-1\"><p style=\"font-family: 'Roboto Condensed'; font-weight: bold; font-size: 60px; letter-spacing: -1px;\" data-fusion-font=\"true\" data-fusion-google-font=\"Roboto Condensed\" data-fusion-google-variant=\"700\">CONTACTS<\/p>\n<\/div><div class=\"fusion-separator\" style=\"align-self: flex-start;margin-right:auto;margin-top:-20px;margin-bottom:30px;width:100%;max-width:200px;\"><div class=\"fusion-separator-border sep-single sep-solid\" style=\"--awb-height:20px;--awb-amount:20px;--awb-sep-color:var(--awb-color3);border-color:var(--awb-color3);border-top-width:3px;\"><\/div><\/div><div class=\"fusion-text fusion-text-2\"><p>Pour plus d&rsquo;informations, \u00e9crivez \u00e0 : <a href=\"mailto:info@terremotori.it\">info@terremotori.it<\/a><\/p>\n<\/div><\/div><\/div><div class=\"fusion-layout-column fusion_builder_column fusion-builder-column-1 fusion_builder_column_2_3 2_3 fusion-flex-column\" style=\"--awb-padding-top:30px;--awb-padding-right:30px;--awb-padding-bottom:30px;--awb-padding-left:30px;--awb-bg-size:cover;--awb-width-large:66.666666666667%;--awb-margin-top-large:20px;--awb-spacing-right-large:1.47%;--awb-margin-bottom-large:20px;--awb-spacing-left-large:1.47%;--awb-width-medium:100%;--awb-order-medium:0;--awb-spacing-right-medium:0.98%;--awb-spacing-left-medium:0.98%;--awb-width-small:100%;--awb-order-small:0;--awb-spacing-right-small:0.98%;--awb-spacing-left-small:0.98%;\"><div class=\"fusion-column-wrapper fusion-column-has-shadow fusion-flex-justify-content-flex-start fusion-content-layout-column\"><div class=\"fusion-text fusion-text-3\"><p style=\"font-family: 'Roboto Condensed'; font-weight: bold; font-size: 60px; letter-spacing: -1px;\" data-fusion-font=\"true\" data-fusion-google-font=\"Roboto Condensed\" data-fusion-google-variant=\"700\"><span style=\"color: #f7ab35;\">ENVOYER UN MESSAGE<\/span><\/p>\n<\/div><div class=\"fusion-separator\" style=\"align-self: flex-start;margin-right:auto;margin-top:-20px;margin-bottom:30px;width:100%;max-width:200px;\"><div class=\"fusion-separator-border sep-single sep-solid\" style=\"--awb-height:20px;--awb-amount:20px;--awb-sep-color:var(--awb-color2);border-color:var(--awb-color2);border-top-width:3px;\"><\/div><\/div><div class=\"fusion-text fusion-text-4\"><p>Vous voulez en savoir plus\u00a0?<br \/>\nPour obtenir des informations plus d\u00e9taill\u00e9es, remplissez le formulaire ci-dessous.<br \/>\nNous vous contacterons dans les plus brefs d\u00e9lais, en r\u00e9pondant \u00e0 toutes vos questions et demandes\u00a0!<\/p>\n<\/div>\n<div class=\"wpcf7 no-js\" id=\"wpcf7-f9581-o1\" lang=\"fr-FR\" dir=\"ltr\" data-wpcf7-id=\"9581\">\n<div class=\"screen-reader-response\"><p role=\"status\" aria-live=\"polite\" aria-atomic=\"true\"><\/p> <ul><\/ul><\/div>\n<form action=\"\/fr\/wp-json\/wp\/v2\/pages\/9423#wpcf7-f9581-o1\" method=\"post\" class=\"wpcf7-form init\" aria-label=\"Formulaire de contact\" novalidate=\"novalidate\" data-status=\"init\">\n<fieldset class=\"hidden-fields-container\"><input type=\"hidden\" name=\"_wpcf7\" value=\"9581\" \/><input type=\"hidden\" name=\"_wpcf7_version\" value=\"6.1.4\" \/><input type=\"hidden\" name=\"_wpcf7_locale\" value=\"fr_FR\" \/><input type=\"hidden\" name=\"_wpcf7_unit_tag\" value=\"wpcf7-f9581-o1\" \/><input type=\"hidden\" name=\"_wpcf7_container_post\" value=\"0\" \/><input type=\"hidden\" name=\"_wpcf7_posted_data_hash\" value=\"\" \/><input type=\"hidden\" name=\"_wpcf7_recaptcha_response\" value=\"\" \/>\n<\/fieldset>\n<p><label> Votre nom<br \/>\n<span class=\"wpcf7-form-control-wrap\" data-name=\"your-name\"><input size=\"40\" maxlength=\"400\" class=\"wpcf7-form-control wpcf7-text wpcf7-validates-as-required\" aria-required=\"true\" aria-invalid=\"false\" value=\"\" type=\"text\" name=\"your-name\" \/><\/span> <\/label>\n<\/p>\n<p><label> Votre email<br \/>\n<span class=\"wpcf7-form-control-wrap\" data-name=\"your-email\"><input size=\"40\" maxlength=\"400\" class=\"wpcf7-form-control wpcf7-email wpcf7-validates-as-required wpcf7-text wpcf7-validates-as-email\" aria-required=\"true\" aria-invalid=\"false\" value=\"\" type=\"email\" name=\"your-email\" \/><\/span> <\/label>\n<\/p>\n<p><label> Votre message<br \/>\n<span class=\"wpcf7-form-control-wrap\" data-name=\"your-message\"><textarea cols=\"40\" rows=\"10\" maxlength=\"2000\" class=\"wpcf7-form-control wpcf7-textarea\" aria-invalid=\"false\" name=\"your-message\"><\/textarea><\/span> <\/label>\n<\/p>\n<p><span class=\"wpcf7-form-control-wrap\" data-name=\"acceptance-357\"><span class=\"wpcf7-form-control wpcf7-acceptance optional\"><span class=\"wpcf7-list-item\"><label><input type=\"checkbox\" name=\"acceptance-357\" value=\"1\" aria-invalid=\"false\" \/><span class=\"wpcf7-list-item-label\">J'accepte les termes et conditions d\u00e9crits dans la <a href=\"https:\/\/terremotori.it\/privacy-policy\"> politique de confidentialit\u00e9 <\/a> conform\u00e9ment \u00e0 la r\u00e9glementation GDPR.<\/span><\/label><\/span><\/span><\/span>\n<\/p>\n<p><input class=\"wpcf7-form-control wpcf7-submit has-spinner\" type=\"submit\" value=\"Invia\" \/>\n<\/p><div class=\"fusion-alert alert custom alert-custom fusion-alert-center wpcf7-response-output fusion-alert-capitalize awb-alert-native-link-color alert-dismissable awb-alert-close-boxed\" style=\"--awb-border-size:0px;--awb-border-top-left-radius:0px;--awb-border-top-right-radius:0px;--awb-border-bottom-left-radius:0px;--awb-border-bottom-right-radius:0px;\" role=\"alert\"><div class=\"fusion-alert-content-wrapper\"><span class=\"fusion-alert-content\"><\/span><\/div><button type=\"button\" class=\"close toggle-alert\" data-dismiss=\"alert\" aria-label=\"Close\">&times;<\/button><\/div>\n<\/form>\n<\/div>\n<\/div><\/div><\/div><\/div>\n","protected":false},"excerpt":{"rendered":"","protected":false},"author":1,"featured_media":0,"parent":0,"menu_order":0,"comment_status":"closed","ping_status":"closed","template":"100-width.php","meta":{"_acf_changed":false,"_yoast_wpseo_focuskw":"","_yoast_wpseo_title":"","_yoast_wpseo_metadesc":"","_yoast_wpseo_linkdex":"","_yoast_wpseo_content_score":"90","_monsterinsights_skip_tracking":false,"_monsterinsights_sitenote_active":"","_monsterinsights_sitenote_note":"","_monsterinsights_sitenote_category":0,"_additional_settings":"","_avada_studio_import_key":"","_avada_studio_media":"","_avada_studio_post":"","_b2s_post_meta":[],"_cms_nav_minihome":"","_config_validation":[],"_contun_unpublish_action":"","_contun_unpublish_date":"","_cspm_arrows_background":"","_cspm_authors_prefixing":"","_cspm_authors_type":"","_cspm_autocomplete_country_restrict":"","_cspm_autocomplete_option":"","_cspm_autocomplete_strict_bounds":"","_cspm_autofit":"","_cspm_bicycling_layer":"","_cspm_big_cluster_icon":"","_cspm_big_cluster_icon_height":"","_cspm_big_cluster_icon_width":"","_cspm_cache_results":"","_cspm_carousel_animation":"","_cspm_carousel_auto":"","_cspm_carousel_easing":"","_cspm_carousel_map_zoom":"","_cspm_carousel_mode":"","_cspm_carousel_scroll":"","_cspm_carousel_wrap":"","_cspm_category_operator_param":"","_cspm_click_on_title":"","_cspm_clickableIcons":"","_cspm_connect_carousel_with_map":"","_cspm_controlSize":"","_cspm_country_display_language":"","_cspm_country_list_placeholder":"","_cspm_country_search_input":"","_cspm_country_zoom_level":"","_cspm_country_zoom_or_autofit":"","_cspm_custom_field_relation_param":"","_cspm_custom_fields":[],"_cspm_defaultMarker":"","_cspm_details_btn_text":"","_cspm_directions_menu_item":[],"_cspm_draw_polygon":"","_cspm_draw_polyline":"","_cspm_ellipses":"","_cspm_enable_media_marker_click":"","_cspm_external_link":"","_cspm_faceted_search_autocheck":"","_cspm_faceted_search_css":"","_cspm_faceted_search_display_status":"","_cspm_faceted_search_drag_map":"","_cspm_faceted_search_input_color":"","_cspm_faceted_search_input_skin":"","_cspm_faceted_search_multi_taxonomy_option":"","_cspm_faceted_search_option":"","_cspm_fullscreenControl":"","_cspm_geoIpControl":"","_cspm_gestureHandling":"","_cspm_gridSize":"","_cspm_ground_overlays":[],"_cspm_ground_overlays_option":"","_cspm_heatmap_color_type":"","_cspm_heatmap_colors":[],"_cspm_heatmap_dissipating":"","_cspm_heatmap_layer":"","_cspm_heatmap_opacity":"","_cspm_heatmap_point_weight":"","_cspm_horizontal_details_size":"","_cspm_horizontal_image_size":"","_cspm_horizontal_item_size":"","_cspm_infobox_content":"","_cspm_infobox_display_event":"","_cspm_infobox_ellipses":"","_cspm_infobox_external_link":"","_cspm_infobox_height":"","_cspm_infobox_show_close_btn":"","_cspm_infobox_type":"","_cspm_infobox_width":"","_cspm_initial_map_style":"","_cspm_items_background":"","_cspm_items_details":"","_cspm_items_featured_img":"","_cspm_items_hover_background":"","_cspm_items_status":[],"_cspm_items_view":"","_cspm_kml_layers":[],"_cspm_kml_layers_onload_status":"","_cspm_kml_list":"","_cspm_kml_list_display_status":"","_cspm_kml_list_placeholder":"","_cspm_layout_fixed_height":"","_cspm_layout_fixed_width":"","_cspm_layout_type":"","_cspm_location":[],"_cspm_main_layout":"","_cspm_map_background":"","_cspm_map_center":"","_cspm_map_holes":[],"_cspm_map_holes_option":"","_cspm_map_holes_style":[],"_cspm_map_horizontal_elements_order":[],"_cspm_map_style":"","_cspm_map_type":"","_cspm_map_vertical_elements_order":[],"_cspm_map_zoom":"","_cspm_mapTypeControl":"","_cspm_marker_anchor_point_option":"","_cspm_marker_categories_images":[],"_cspm_marker_categories_taxonomy":"","_cspm_marker_cats_settings":"","_cspm_marker_icon":"","_cspm_marker_icon_height":"","_cspm_marker_icon_width":"","_cspm_marker_label_options":[],"_cspm_marker_labels":"","_cspm_marker_labels_color":"","_cspm_marker_labels_fontFamily":"","_cspm_marker_labels_fontSize":"","_cspm_marker_labels_fontWeight":"","_cspm_marker_labels_type":"","_cspm_marker_menu_bg_color":"","_cspm_marker_menu_close_map_click":"","_cspm_marker_menu_close_mouse_out":"","_cspm_marker_menu_color":"","_cspm_marker_menu_fontSize":"","_cspm_marker_menu_fontWeight":"","_cspm_marker_menu_items_order":[],"_cspm_marker_menu_open_leftclick":"","_cspm_marker_menu_open_mouse_enter":"","_cspm_marker_menu_open_rightclick":"","_cspm_marker_menu_placement":"","_cspm_marker_menu_show_close_btn":"","_cspm_marker_popups_bg_color":"","_cspm_marker_popups_color":"","_cspm_marker_popups_content_type":"","_cspm_marker_popups_fontSize":"","_cspm_marker_popups_fontWeight":"","_cspm_marker_popups_placement":"","_cspm_markerAnimation":"","_cspm_max_zoom":"","_cspm_media_modal_menu_item":[],"_cspm_medium_cluster_icon":"","_cspm_medium_cluster_icon_height":"","_cspm_medium_cluster_icon_width":"","_cspm_min_zoom":"","_cspm_move_carousel_on":[],"_cspm_multicolor_svg":"","_cspm_nearby_map_menu_item":[],"_cspm_nearby_places_option":"","_cspm_np_circle_option":"","_cspm_np_distance_unit":"","_cspm_np_edit_circle":"","_cspm_np_list_placeholder":"","_cspm_np_marker_type":"","_cspm_np_max_radius":"","_cspm_np_min_radius":"","_cspm_np_proximities":[],"_cspm_np_proximities_display_status":"","_cspm_np_radius":"","_cspm_optional_latlng":"","_cspm_order_param":"","_cspm_orderby_param":"","_cspm_polygons":[],"_cspm_polylines":[],"_cspm_post_format":"","_cspm_post_tag_operator_param":"","_cspm_post_type":"","_cspm_posts_count_clause":"","_cspm_posts_count_color":"","_cspm_proximities_menu_item":[],"_cspm_recenter_map":"","_cspm_remove_infobox_on_mouseout":"","_cspm_restrict_map_bounds":"","_cspm_retinaSupport":"","_cspm_rotateControl":"","_cspm_scaleControl":"","_cspm_scrollwheel_carousel":"","_cspm_search_form_option":"","_cspm_sf_address_placeholder":"","_cspm_sf_bad_address_msg":"","_cspm_sf_bad_address_sug_1":"","_cspm_sf_bad_address_sug_2":"","_cspm_sf_bad_address_sug_3":"","_cspm_sf_circle_option":"","_cspm_sf_display_status":"","_cspm_sf_distance_unit":"","_cspm_sf_edit_circle":"","_cspm_sf_fillColor":"","_cspm_sf_fillOpacity":"","_cspm_sf_geoIpControl":"","_cspm_sf_max_search_distances":"","_cspm_sf_min_search_distances":"","_cspm_sf_no_location_msg":"","_cspm_sf_search_form_bg_color":"","_cspm_sf_slider_label":"","_cspm_sf_strokeColor":"","_cspm_sf_strokeOpacity":"","_cspm_sf_strokeWeight":"","_cspm_sf_submit_text":"","_cspm_show_carousel":"","_cspm_show_country_flag":"","_cspm_show_details_btn":"","_cspm_show_infobox":"","_cspm_show_posts_count":"","_cspm_show_proximity_icon":"","_cspm_show_user":"","_cspm_single_post_menu_item":[],"_cspm_single_posts_link":"","_cspm_small_cluster_icon":"","_cspm_small_cluster_icon_height":"","_cspm_small_cluster_icon_width":"","_cspm_streetViewControl":"","_cspm_strict_bounds":"","_cspm_style_option":"","_cspm_sync_carousel_to_viewport":"","_cspm_taxonomie_category":[],"_cspm_taxonomy_relation_param":"","_cspm_touchswipe_carousel":"","_cspm_traffic_layer":"","_cspm_transit_layer":"","_cspm_update_post_meta_cache":"","_cspm_update_post_term_cache":"","_cspm_use_kml":"","_cspm_use_marker_menu":"","_cspm_use_marker_popups":"","_cspm_useClustring":"","_cspm_user_circle":"","_cspm_user_circle_fillColor":"","_cspm_user_circle_fillOpacity":"","_cspm_user_circle_strokeColor":"","_cspm_user_circle_strokeOpacity":"","_cspm_user_circle_strokeWeight":"","_cspm_user_map_zoom":"","_cspm_user_marker_icon":"","_cspm_user_marker_icon_height":"","_cspm_user_marker_icon_width":"","_cspm_vertical_details_size":"","_cspm_vertical_image_size":"","_cspm_vertical_item_size":"","_cspm_zoom_country_display_status":"","_cspm_zoom_country_option":"","_cspm_zoom_on_doubleclick":"","_cspm_zoomControl":"","_cspm_zoomControlType":"","_dp_original":"","_EventAllDay":"","_EventCost":"","_EventCostDescription":"","_EventCurrencyCode":"","_EventCurrencyPosition":"","_EventCurrencySymbol":"","_EventDateTimeSeparator":"","_EventDuration":"","_EventEndDate":"","_EventEndDateUTC":"","_EventHideFromUpcoming":"","_EventOccurrencesCount":[],"_EventOrganizerID":"","_EventOrigin":"","_EventShowMap":"","_EventShowMapLink":"","_EventStartDate":"","_EventStartDateUTC":"","_EventTimeRangeSeparator":"","_EventTimezone":"","_EventTimezoneAbbr":"","_EventURL":"","_EventVenueID":"","_expiration-date":"","_expiration-date-options":[],"_expiration-date-status":"","_first_party":"","_form":"","_fusion":{"bg_full":"no","slider_visibility":"small-visibility,medium-visibility,large-visibility","page_title_bar_text":"no","page_title_height":"450px","page_title_bg":{"url":"https:\/\/terremotori.it\/wp-content\/uploads\/2022\/10\/Tavola-disegno-95sfondo3.jpg","id":"5706"},"show_first_featured_image":"yes","main_padding":{"top":"","bottom":""},"content_bg_full":"no","slider_type":"no","wooslider":"0","revslider":"0","pages_sidebar":"default_sidebar","pages_sidebar_2":"default_sidebar"},"_fusion_builder_custom_css":"","_fusion_demo_imported_post":"","_fusion_google_fonts":{"Roboto Condensed":{"variants":["700","700"]}},"_fusion_icon_set_id":"","_fusion_is_global":"","_gdpr_id":"","_hash":"","_hide_featured":"","_id":"","_last_translation_edit_mode":"translation-editor","_locale":"","_mail":[],"_mail_2":[],"_menu_item_classes":[],"_menu_item_fusion_megamenu":[],"_menu_item_menu_item_parent":"","_menu_item_object":"","_menu_item_object_id":"","_menu_item_target":"","_menu_item_type":"","_menu_item_url":"","_menu_item_xfn":"","_messages":[],"_orario_di_inizio":"","_OrganizerEmail":"","_OrganizerOrganizerID":"","_OrganizerOrigin":"","_OrganizerPhone":"","_OrganizerWebsite":"","_source_url":"","_tec_autogenerated":"","_tec_autogenerated_checksum":"","_tec_events_pro_duplicated_event":"","_tec-series-show-title":"","_top_nav_excluded":"","_translation_status_en":"","_tribe_aggregator_origin":"","_tribe_aggregator_record":"","_tribe_aggregator_source":"","_tribe_aggregator_updated":"","_tribe_blocks_recurrence_description":"","_tribe_featured":"","_tribe_ignored_event_previous_status":"","_tribe_importer_original_url":"","_tribe_modified_fields":[],"_tribe_ticket_capacity":"","_tribe_ticket_version":"","_VenueAddress":"","_VenueCity":"","_VenueCountry":"","_VenueGeoAddress":"","_VenueOrigin":"","_VenueOverwriteCoords":"","_VenuePhone":"","_VenueProvince":"","_VenueShowMap":"","_VenueShowMapLink":"","_VenueState":"","_VenueStateProvince":"","_VenueURL":"","_VenueVenueID":"","_VenueZip":"","_wp_attachment_backup_sizes":[],"_wp_attachment_image_alt":"","_wp_old_date":[],"_wpml_location_migration_done":"","_wpml_media_duplicate":"","_wpml_media_featured":"","_wpml_media_usage_in_posts":[],"_wpml_post_translation_editor_native":"","_wpml_post_translation_editor_wpml":"","_wpml_word_count":"51","_wxr_import_parent":"","_wxr_import_term":[],"_wxr_import_user_slug":"","_yoast_wpseo_estimated-reading-time-minutes":"","_yoast_wpseo_focuskw_text_input":"","_yoast_wpseo_primary_category":null,"_yoast_wpseo_primary_gn-genre":"","_yoast_wpseo_primary_tec_venue_category":"","_yoast_wpseo_primary_tribe_events_cat":"","_yoast_wpseo_wordproof_timestamp":"","acfml_non_translatable_locations":[],"avada_media":[],"avada_post_views_count":"1123","avada_post_views_count_today_date":"19-04-2026","avada_today_post_views_count":"2","codespacing_progress_map_address":"","codespacing_progress_map_lat":"","codespacing_progress_map_lng":"","codespacing_progress_map_secondary_lat_lng":"","copied_media_ids":[],"cspm_single_post_marker_img_only":"","first_party":"","fusion_builder_status":"active","fusion_demo_import":"","fusion_masonry_element_layout":"","gdpr_id":"","id":"","newItem":"","orario_di_inizio":"","original-file":"","post_excerpt":"","pyre_aspect_ratio":"","pyre_autoplay_video":"","pyre_button_1":"","pyre_button_2":"","pyre_caption":"","pyre_caption_bg":"","pyre_caption_bg_color":"","pyre_caption_color":"","pyre_caption_font_size":"","pyre_caption_separator":"","pyre_content_alignment":"","pyre_heading":"","pyre_heading_bg":"","pyre_heading_bg_color":"","pyre_heading_color":"","pyre_heading_font_size":"","pyre_heading_separator":"","pyre_hide_video_controls":"","pyre_link_type":"","pyre_loop_video":"","pyre_mp4":"","pyre_mute_video":"","pyre_ogv":"","pyre_preview_image":"","pyre_slide_link":"","pyre_slide_target":"","pyre_type":"","pyre_video_bg_color":"","pyre_video_display":"","pyre_vimeo_id":"","pyre_webm":"","pyre_youtube_id":"","referenced_media_ids":[],"rs_page_bg_color":"","slide_template":"","smush-complete":"","smush-info":"","smush-stats":[],"wpcf7cf_options":[],"wpml_media_processed":"","footnotes":""},"class_list":["post-9423","page","type-page","status-publish","hentry"],"acf":[],"yoast_head":"<!-- This site is optimized with the Yoast SEO plugin v26.7 - https:\/\/yoast.com\/wordpress\/plugins\/seo\/ -->\n<title>Contact - Terre&amp;motori<\/title>\n<meta name=\"robots\" content=\"index, follow, max-snippet:-1, max-image-preview:large, max-video-preview:-1\" \/>\n<link rel=\"canonical\" href=\"https:\/\/www.terremotori.it\/fr\/contact\/\" \/>\n<meta property=\"og:locale\" content=\"fr_FR\" \/>\n<meta property=\"og:type\" content=\"article\" \/>\n<meta property=\"og:title\" content=\"Contact - Terre&amp;motori\" \/>\n<meta property=\"og:url\" content=\"https:\/\/www.terremotori.it\/fr\/contact\/\" \/>\n<meta property=\"og:site_name\" content=\"Terre&amp;motori\" \/>\n<meta property=\"article:modified_time\" content=\"2026-01-29T16:52:37+00:00\" \/>\n<meta name=\"twitter:card\" content=\"summary_large_image\" \/>\n<meta name=\"twitter:label1\" content=\"Dur\u00e9e de lecture estim\u00e9e\" \/>\n\t<meta name=\"twitter:data1\" content=\"4 minutes\" \/>\n<script type=\"application\/ld+json\" class=\"yoast-schema-graph\">{\"@context\":\"https:\/\/schema.org\",\"@graph\":[{\"@type\":\"WebPage\",\"@id\":\"https:\/\/www.terremotori.it\/fr\/contact\/\",\"url\":\"https:\/\/www.terremotori.it\/fr\/contact\/\",\"name\":\"Contact - Terre&amp;motori\",\"isPartOf\":{\"@id\":\"https:\/\/www.terremotori.it\/fr\/#website\"},\"datePublished\":\"2022-10-20T10:27:04+00:00\",\"dateModified\":\"2026-01-29T16:52:37+00:00\",\"breadcrumb\":{\"@id\":\"https:\/\/www.terremotori.it\/fr\/contact\/#breadcrumb\"},\"inLanguage\":\"fr-FR\",\"potentialAction\":[{\"@type\":\"ReadAction\",\"target\":[\"https:\/\/www.terremotori.it\/fr\/contact\/\"]}]},{\"@type\":\"BreadcrumbList\",\"@id\":\"https:\/\/www.terremotori.it\/fr\/contact\/#breadcrumb\",\"itemListElement\":[{\"@type\":\"ListItem\",\"position\":1,\"name\":\"Accueil\",\"item\":\"https:\/\/www.terremotori.it\/fr\/home-fr\/\"},{\"@type\":\"ListItem\",\"position\":2,\"name\":\"Contact\"}]},{\"@type\":\"WebSite\",\"@id\":\"https:\/\/www.terremotori.it\/fr\/#website\",\"url\":\"https:\/\/www.terremotori.it\/fr\/\",\"name\":\"Terre&motori\",\"description\":\"Scopri le experience dell&#039;Emilia Romagna\",\"publisher\":{\"@id\":\"https:\/\/www.terremotori.it\/fr\/#organization\"},\"potentialAction\":[{\"@type\":\"SearchAction\",\"target\":{\"@type\":\"EntryPoint\",\"urlTemplate\":\"https:\/\/www.terremotori.it\/fr\/?s={search_term_string}\"},\"query-input\":{\"@type\":\"PropertyValueSpecification\",\"valueRequired\":true,\"valueName\":\"search_term_string\"}}],\"inLanguage\":\"fr-FR\"},{\"@type\":\"Organization\",\"@id\":\"https:\/\/www.terremotori.it\/fr\/#organization\",\"name\":\"Terre&motori\",\"url\":\"https:\/\/www.terremotori.it\/fr\/\",\"logo\":{\"@type\":\"ImageObject\",\"inLanguage\":\"fr-FR\",\"@id\":\"https:\/\/www.terremotori.it\/fr\/#\/schema\/logo\/image\/\",\"url\":\"https:\/\/www.terremotori.it\/wp-content\/uploads\/2022\/10\/logo-3-1.png\",\"contentUrl\":\"https:\/\/www.terremotori.it\/wp-content\/uploads\/2022\/10\/logo-3-1.png\",\"width\":365,\"height\":80,\"caption\":\"Terre&motori\"},\"image\":{\"@id\":\"https:\/\/www.terremotori.it\/fr\/#\/schema\/logo\/image\/\"}}]}<\/script>\n<!-- \/ Yoast SEO plugin. -->","yoast_head_json":{"title":"Contact - Terre&amp;motori","robots":{"index":"index","follow":"follow","max-snippet":"max-snippet:-1","max-image-preview":"max-image-preview:large","max-video-preview":"max-video-preview:-1"},"canonical":"https:\/\/www.terremotori.it\/fr\/contact\/","og_locale":"fr_FR","og_type":"article","og_title":"Contact - Terre&amp;motori","og_url":"https:\/\/www.terremotori.it\/fr\/contact\/","og_site_name":"Terre&amp;motori","article_modified_time":"2026-01-29T16:52:37+00:00","twitter_card":"summary_large_image","twitter_misc":{"Dur\u00e9e de lecture estim\u00e9e":"4 minutes"},"schema":{"@context":"https:\/\/schema.org","@graph":[{"@type":"WebPage","@id":"https:\/\/www.terremotori.it\/fr\/contact\/","url":"https:\/\/www.terremotori.it\/fr\/contact\/","name":"Contact - Terre&amp;motori","isPartOf":{"@id":"https:\/\/www.terremotori.it\/fr\/#website"},"datePublished":"2022-10-20T10:27:04+00:00","dateModified":"2026-01-29T16:52:37+00:00","breadcrumb":{"@id":"https:\/\/www.terremotori.it\/fr\/contact\/#breadcrumb"},"inLanguage":"fr-FR","potentialAction":[{"@type":"ReadAction","target":["https:\/\/www.terremotori.it\/fr\/contact\/"]}]},{"@type":"BreadcrumbList","@id":"https:\/\/www.terremotori.it\/fr\/contact\/#breadcrumb","itemListElement":[{"@type":"ListItem","position":1,"name":"Accueil","item":"https:\/\/www.terremotori.it\/fr\/home-fr\/"},{"@type":"ListItem","position":2,"name":"Contact"}]},{"@type":"WebSite","@id":"https:\/\/www.terremotori.it\/fr\/#website","url":"https:\/\/www.terremotori.it\/fr\/","name":"Terre&motori","description":"Scopri le experience dell&#039;Emilia Romagna","publisher":{"@id":"https:\/\/www.terremotori.it\/fr\/#organization"},"potentialAction":[{"@type":"SearchAction","target":{"@type":"EntryPoint","urlTemplate":"https:\/\/www.terremotori.it\/fr\/?s={search_term_string}"},"query-input":{"@type":"PropertyValueSpecification","valueRequired":true,"valueName":"search_term_string"}}],"inLanguage":"fr-FR"},{"@type":"Organization","@id":"https:\/\/www.terremotori.it\/fr\/#organization","name":"Terre&motori","url":"https:\/\/www.terremotori.it\/fr\/","logo":{"@type":"ImageObject","inLanguage":"fr-FR","@id":"https:\/\/www.terremotori.it\/fr\/#\/schema\/logo\/image\/","url":"https:\/\/www.terremotori.it\/wp-content\/uploads\/2022\/10\/logo-3-1.png","contentUrl":"https:\/\/www.terremotori.it\/wp-content\/uploads\/2022\/10\/logo-3-1.png","width":365,"height":80,"caption":"Terre&motori"},"image":{"@id":"https:\/\/www.terremotori.it\/fr\/#\/schema\/logo\/image\/"}}]}},"_links":{"self":[{"href":"https:\/\/www.terremotori.it\/fr\/wp-json\/wp\/v2\/pages\/9423","targetHints":{"allow":["GET"]}}],"collection":[{"href":"https:\/\/www.terremotori.it\/fr\/wp-json\/wp\/v2\/pages"}],"about":[{"href":"https:\/\/www.terremotori.it\/fr\/wp-json\/wp\/v2\/types\/page"}],"author":[{"embeddable":true,"href":"https:\/\/www.terremotori.it\/fr\/wp-json\/wp\/v2\/users\/1"}],"replies":[{"embeddable":true,"href":"https:\/\/www.terremotori.it\/fr\/wp-json\/wp\/v2\/comments?post=9423"}],"version-history":[{"count":3,"href":"https:\/\/www.terremotori.it\/fr\/wp-json\/wp\/v2\/pages\/9423\/revisions"}],"predecessor-version":[{"id":10032,"href":"https:\/\/www.terremotori.it\/fr\/wp-json\/wp\/v2\/pages\/9423\/revisions\/10032"}],"wp:attachment":[{"href":"https:\/\/www.terremotori.it\/fr\/wp-json\/wp\/v2\/media?parent=9423"}],"curies":[{"name":"wp","href":"https:\/\/api.w.org\/{rel}","templated":true}]}}